{"id":201,"date":"2017-04-20T10:28:54","date_gmt":"2017-04-20T10:28:54","guid":{"rendered":"http:\/\/soporte.getic.es\/fibramur\/?page_id=201"},"modified":"2017-09-08T10:58:09","modified_gmt":"2017-09-08T10:58:09","slug":"faq","status":"publish","type":"page","link":"https:\/\/fibramur.com\/?page_id=201","title":{"rendered":"FAQ"},"content":{"rendered":"<div id=\"pl-201\"  class=\"panel-layout\" ><div id=\"pg-201-0\"  class=\"panel-grid panel-has-style\" ><div style=\"padding: 100px 0; \" data-overlay=\"true\" class=\"panel-row-style panel-row-style-for-201-0\" ><div id=\"pgc-201-0-0\"  class=\"panel-grid-cell\" ><div id=\"panel-201-0-0-0\" class=\"so-panel widget widget_sow-editor panel-first-child panel-last-child\" data-index=\"0\" ><div style=\"text-align: left;\" data-title-color=\"#443f3f\" data-headings-color=\"#443f3f\" class=\"panel-widget-style panel-widget-style-for-201-0-0-0\" ><div\n\t\t\t\n\t\t\tclass=\"so-widget-sow-editor so-widget-sow-editor-base\"\n\t\t\t\n\t\t>\n<div class=\"siteorigin-widget-tinymce textwidget\">\n\t<div class=\"row\">\n<div class=\"col-md-2\">\u00a0<\/div>\n<div class=\"col-md-10\"><strong>\u00bfC\u00f3mo ampl\u00edo la potencia contratada de mi instalaci\u00f3n?<\/strong><br \/> Cuando un cliente comprueba que su potencia el\u00e9ctrica es insuficiente para su tipo de suministro ser\u00e1 porque salta el contador digital. En estos casos, la mejor soluci\u00f3n es aumentar la potencia contratada y evitar que se produzcan m\u00e1s cortes en el abastecimiento.<br \/> Una vez asesorados por una especialista sobre que potencia ser\u00e1 la que debemos contratar en funci\u00f3n de nuestros consumos, el siguiente paso ser\u00e1 ponernos en contacto con la compa\u00f1\u00eda suministradora, la cual nos informar\u00e1 la necesidad o no de abrir un expediente y en cualquier caso, si es necesario o no la renovaci\u00f3n del Certificado de Baja Tensi\u00f3n, as\u00ed como la documentaci\u00f3n que se deber\u00e1 presentar.<\/p>\n<hr \/>\n<p><strong>\u00bfQu\u00e9 es un Certificado de Baja Tensi\u00f3n (Bolet\u00edn El\u00e9ctrico)?<\/strong><br \/> Es el documento que exigen las compa\u00f1\u00edas suministradoras de electricidad para asegurarse de que las instalaciones cumplen con lo establecido en el REBT, adem\u00e1s de obtener la informaci\u00f3n acerca de la potencia m\u00e1xima para la cual est\u00e1 preparada la instalaci\u00f3n el\u00e9ctrica y as\u00ed poner los l\u00edmites de potencia a contratar.<br \/> Este documento se tramita ante la Direcci\u00f3n General de Industria, acompa\u00f1ado de la documentaci\u00f3n pertinente en cada caso.<br \/> Fibramur S.L. tramita todo tipo de instalaciones en el \u00e1mbito del REBT, si tiene alguna duda acerca de la documentaci\u00f3n que necesita para legalizar su instalaci\u00f3n, p\u00f3ngase en contacto con nosotros y estaremos encantados de atenderle.<\/p>\n<hr \/>\n<p><strong>\u00bfCu\u00e1ndo necesito contrato de mantenimiento el\u00e9ctrico de Baja Tensi\u00f3n?<\/strong><br \/> La necesidad de disponer o no de contrato de mantenimiento est\u00e1 sujeta a las ordenanzas de cada comunidad.<br \/> En la Comunidad Aut\u00f3noma de la Regi\u00f3n de Murcia, la Orden de 11 de septiembre de 2003 de la Consejer\u00eda de Industria, establece la obligatoriedad de disponer de contrato de mantenimiento con empresa autorizada (Instalador autorizado Baja Tensi\u00f3n seg\u00fan lo prescrito en el Reglamento Electrot\u00e9cnico de Baja Tensi\u00f3n en su Instrucci\u00f3n ITC BT-03).<\/p>\n<hr \/>\n<p><strong>Locales que precisan contrato de mantenimiento:<\/strong><br \/> - Locales de p\u00fablica concurrencia ITC BT-28 (enlace: http:\/\/www.iet.es\/wp-content\/uploads\/2013\/03\/REGLAMENTO-RBT-SEPT-2003.pdf).<br \/> - Locales con riesgo de incendio o explosi\u00f3n ITC BT-29 (enlace: http:\/\/www.iet.es\/wp-content\/uploads\/2013\/03\/REGLAMENTO-RBT-SEPT-2003.pdf).<br \/> - Locales de caracter\u00edsticas especiales ITC BT-30 (enlace: http:\/\/www.iet.es\/wp-content\/uploads\/2013\/03\/REGLAMENTO-RBT-SEPT-2003.pdf).<br \/> Si a\u00fan tiene dudas haga su consulta en el siguiente e-mail: ingenieria@fibramur.com<\/p>\n<hr \/>\n<p><strong>\u00bfNecesito inspecci\u00f3n por el Organismo de Control Autorizado (OCA) en mi instalaci\u00f3n el\u00e9ctrica?<\/strong><br \/> El Reglamento Electrot\u00e9cnico de Baja Tensi\u00f3n en su ITC BT-05 desarrolla las verificaciones previas a la puesta en servicio e inspecciones de las instalaciones el\u00e9ctricas de Baja Tensi\u00f3n, que deber\u00e1n ser objeto de inspecci\u00f3n por un Organismo de Control Autorizado (OCA), a fin de asegurar en la medida de lo posible el cumplimiento reglamentario a lo largo de la vida de dichas instalaciones.<br \/> Inspecciones iniciales:<br \/> - Instalaciones industriales que precisen proyecto, con una potencia prevista superior a 100 kW.<br \/> - Locales de p\u00fablica concurrencia.<br \/> - Locales con riesgo de incendio o explosi\u00f3n, clase I, excepto garajes de menos de 25 plazas.<br \/> - Locales mojados con potencia instalada superior a 25 kW.<br \/> - Piscinas con potencia instalada superior a 10 kW.<br \/> - Quir\u00f3fanos y salas de intervenci\u00f3n.<br \/> - Instalaciones de alumbrado exterior con potencia instalada superior a 5 kW.<br \/> Inspecciones peri\u00f3dicas:<br \/> Ser\u00e1n objeto de inspecciones peri\u00f3dicas cada 5 a\u00f1os, todas las instalaciones el\u00e9ctricas de Baja Tensi\u00f3n que precisaron inspecci\u00f3n inicial, y cada 10 a\u00f1os, las comunes de edificios de viviendas de potencia total instalada superior a 100 kW.<\/p>\n<hr \/>\n<p><strong>\u00bfNecesito legalizar mi instalaci\u00f3n de climatizaci\u00f3n?<\/strong><br \/> Dentro de las instalaciones de climatizaci\u00f3n, vamos a diferenciar tres tipos de instalaciones:<br \/> - Instalaciones de climatizaci\u00f3n con potencia frigor\u00edfica instalada menor de 5 kW:<br \/> No requieren de legalizaci\u00f3n ante la Direcci\u00f3n General de Industria.<br \/> - Instalaciones de climatizaci\u00f3n con potencia frigor\u00edfica instalada entre 5 kW y 70 W.<br \/> Requieren legalizaci\u00f3n ante la Direcci\u00f3n General de Industria mediante la presentaci\u00f3n de Memoria Descriptiva emitiendo Certificado de la Instalaci\u00f3n.<br \/> - Instalaciones de climatizaci\u00f3n con potencia frigor\u00edfica instalada superior a 70 kW:<br \/> Requieren legalizaci\u00f3n ante la Direcci\u00f3n General de Industria mediante la presentaci\u00f3n de Proyecto T\u00e9cnico y Certificado de Direcci\u00f3n de Obra, emitiendo Certificado de la Instalaci\u00f3n.<br \/> Si tiene alguna duda acerca de la documentaci\u00f3n que necesita para legalizar su instalaci\u00f3n p\u00f3ngase en contacto con nosotros y estaremos encantados de atenderle.<\/p>\n<hr \/>\n<p><strong>\u00bfQu\u00e9 necesito para obtener licencia de apertura en mi local?<\/strong><br \/> Fibramur S.L. dispone de los medios humanos necesarios para tramitar cualquier tipo de licencia de apertura de un local o industria ante la Gerencia de Urbanismo.<br \/> Un primer paso necesario ser\u00eda clasificar el tipo de actividad dentro de la Ley de Medio Ambiente, de donde surgir\u00e1n los documentos a presentar para cada uno de ellos.<br \/> P\u00f3ngase en contacto con nosotros y estudiaremos su caso.<\/p>\n<hr \/>\n<p><strong>\u00bfQue puede ofrecer un SAI a mi instalaci\u00f3n el\u00e9ctrica?<\/strong><br \/> Un Sistema de Alimentaci\u00f3n Ininterrumpida es un dispositivo que provee de energ\u00eda el\u00e9ctrica durante un tiempo limitado a los dispositivos conectados a la red el\u00e9ctrica ante cualquier incidencia que pueda ocurrir en la misma. As\u00ed como, mejorar la calidad de la energ\u00eda el\u00e9ctrica, eliminando arm\u00f3nicos en corriente alterna o filtrando posibles bajadas y subidas de tensi\u00f3n.<br \/> Un SAI puede aportar energ\u00eda el\u00e9ctrica ante las necesidades de instalaciones cr\u00edticas en las que no puede ocurrir un fallo el\u00e9ctrico repentino, debiendo de estar siempre operativas, como pueden ser desde peque\u00f1as redes inform\u00e1ticas de locales o empresas hasta CPD\u00b4S inform\u00e1ticos, grandes industrias, entornos m\u00e9dicos, etc.<\/p>\n<hr \/>\n<p><strong>\u00bfCuento con una instalaci\u00f3n de cableado de redes adaptada a mis necesidades?<\/strong><br \/> Contamos con un equipo humano e instrumental con el que comprobar si su instalaci\u00f3n cuenta con las caracter\u00edsticas necesarias, enfocadas a un servicio \u00f3ptimo de trabajo en cuanto a las necesidades tecnolog\u00edas del momento.<\/p>\n<hr \/>\n<p><strong>\u00bfC\u00f3mo puedo saber si tengo una rotura en mi cableado de fibra \u00f3ptica?<\/strong><br \/> Fibramur, S.L. como empresa especialista y con una larga experiencia en el sector de las telecomunicaciones, cuenta con los equipos necesarios para realizar la revisi\u00f3n de su cableado y detectar las posibles roturas\/aver\u00edas en su cableado a trav\u00e9s de sus equipos de reflectometr\u00eda, as\u00ed como de fusionadoras de fibra \u00f3ptica para la reparaci\u00f3n de \u00e9stas.<\/p>\n<hr \/>\n<\/div>\n<\/div>\n<\/div>\n<\/div><\/div><\/div><\/div><\/div><\/div><\/div>","protected":false},"excerpt":{"rendered":"<p>\u00a0\u00bfC\u00f3mo ampl\u00edo la potencia contratada de mi instalaci\u00f3n? Cuando un cliente comprueba que su potencia el\u00e9ctrica es insuficiente para su tipo de suministro ser\u00e1 porque salta el contador digital. En estos casos, la mejor soluci\u00f3n es aumentar la potencia contratada y evitar que se produzcan m\u00e1s cortes en el abastecimiento. Una vez asesorados por una [&hellip;]<\/p>\n","protected":false},"author":1,"featured_media":0,"parent":0,"menu_order":0,"comment_status":"closed","ping_status":"closed","template":"page-templates\/page_fullwidth.php","meta":[],"yoast_head":"<!-- This site is optimized with the Yoast SEO plugin v19.6 - https:\/\/yoast.com\/wordpress\/plugins\/seo\/ -->\n<title>FAQ -<\/title>\n<meta name=\"robots\" content=\"index, follow, max-snippet:-1, max-image-preview:large, max-video-preview:-1\" \/>\n<link rel=\"canonical\" href=\"https:\/\/fibramur.com\/?page_id=201\" \/>\n<meta property=\"og:locale\" content=\"es_ES\" \/>\n<meta property=\"og:type\" content=\"article\" \/>\n<meta property=\"og:title\" content=\"FAQ -\" \/>\n<meta property=\"og:description\" content=\"\u00a0\u00bfC\u00f3mo ampl\u00edo la potencia contratada de mi instalaci\u00f3n? Cuando un cliente comprueba que su potencia el\u00e9ctrica es insuficiente para su tipo de suministro ser\u00e1 porque salta el contador digital. En estos casos, la mejor soluci\u00f3n es aumentar la potencia contratada y evitar que se produzcan m\u00e1s cortes en el abastecimiento. Una vez asesorados por una [&hellip;]\" \/>\n<meta property=\"og:url\" content=\"https:\/\/fibramur.com\/?page_id=201\" \/>\n<meta property=\"article:modified_time\" content=\"2017-09-08T10:58:09+00:00\" \/>\n<meta name=\"twitter:card\" content=\"summary_large_image\" \/>\n<meta name=\"twitter:label1\" content=\"Tiempo de lectura\" \/>\n\t<meta name=\"twitter:data1\" content=\"6 minutos\" \/>\n<script type=\"application\/ld+json\" class=\"yoast-schema-graph\">{\"@context\":\"https:\/\/schema.org\",\"@graph\":[{\"@type\":\"WebPage\",\"@id\":\"https:\/\/fibramur.com\/?page_id=201\",\"url\":\"https:\/\/fibramur.com\/?page_id=201\",\"name\":\"FAQ -\",\"isPartOf\":{\"@id\":\"https:\/\/fibramur.com\/#website\"},\"datePublished\":\"2017-04-20T10:28:54+00:00\",\"dateModified\":\"2017-09-08T10:58:09+00:00\",\"breadcrumb\":{\"@id\":\"https:\/\/fibramur.com\/?page_id=201#breadcrumb\"},\"inLanguage\":\"es\",\"potentialAction\":[{\"@type\":\"ReadAction\",\"target\":[\"https:\/\/fibramur.com\/?page_id=201\"]}]},{\"@type\":\"BreadcrumbList\",\"@id\":\"https:\/\/fibramur.com\/?page_id=201#breadcrumb\",\"itemListElement\":[{\"@type\":\"ListItem\",\"position\":1,\"name\":\"Portada\",\"item\":\"https:\/\/fibramur.com\/\"},{\"@type\":\"ListItem\",\"position\":2,\"name\":\"FAQ\"}]},{\"@type\":\"WebSite\",\"@id\":\"https:\/\/fibramur.com\/#website\",\"url\":\"https:\/\/fibramur.com\/\",\"name\":\"\",\"description\":\"\",\"potentialAction\":[{\"@type\":\"SearchAction\",\"target\":{\"@type\":\"EntryPoint\",\"urlTemplate\":\"https:\/\/fibramur.com\/?s={search_term_string}\"},\"query-input\":\"required name=search_term_string\"}],\"inLanguage\":\"es\"}]}<\/script>\n<!-- \/ Yoast SEO plugin. -->","yoast_head_json":{"title":"FAQ -","robots":{"index":"index","follow":"follow","max-snippet":"max-snippet:-1","max-image-preview":"max-image-preview:large","max-video-preview":"max-video-preview:-1"},"canonical":"https:\/\/fibramur.com\/?page_id=201","og_locale":"es_ES","og_type":"article","og_title":"FAQ -","og_description":"\u00a0\u00bfC\u00f3mo ampl\u00edo la potencia contratada de mi instalaci\u00f3n? Cuando un cliente comprueba que su potencia el\u00e9ctrica es insuficiente para su tipo de suministro ser\u00e1 porque salta el contador digital. En estos casos, la mejor soluci\u00f3n es aumentar la potencia contratada y evitar que se produzcan m\u00e1s cortes en el abastecimiento. Una vez asesorados por una [&hellip;]","og_url":"https:\/\/fibramur.com\/?page_id=201","article_modified_time":"2017-09-08T10:58:09+00:00","twitter_card":"summary_large_image","twitter_misc":{"Tiempo de lectura":"6 minutos"},"schema":{"@context":"https:\/\/schema.org","@graph":[{"@type":"WebPage","@id":"https:\/\/fibramur.com\/?page_id=201","url":"https:\/\/fibramur.com\/?page_id=201","name":"FAQ -","isPartOf":{"@id":"https:\/\/fibramur.com\/#website"},"datePublished":"2017-04-20T10:28:54+00:00","dateModified":"2017-09-08T10:58:09+00:00","breadcrumb":{"@id":"https:\/\/fibramur.com\/?page_id=201#breadcrumb"},"inLanguage":"es","potentialAction":[{"@type":"ReadAction","target":["https:\/\/fibramur.com\/?page_id=201"]}]},{"@type":"BreadcrumbList","@id":"https:\/\/fibramur.com\/?page_id=201#breadcrumb","itemListElement":[{"@type":"ListItem","position":1,"name":"Portada","item":"https:\/\/fibramur.com\/"},{"@type":"ListItem","position":2,"name":"FAQ"}]},{"@type":"WebSite","@id":"https:\/\/fibramur.com\/#website","url":"https:\/\/fibramur.com\/","name":"","description":"","potentialAction":[{"@type":"SearchAction","target":{"@type":"EntryPoint","urlTemplate":"https:\/\/fibramur.com\/?s={search_term_string}"},"query-input":"required name=search_term_string"}],"inLanguage":"es"}]}},"_links":{"self":[{"href":"https:\/\/fibramur.com\/index.php?rest_route=\/wp\/v2\/pages\/201"}],"collection":[{"href":"https:\/\/fibramur.com\/index.php?rest_route=\/wp\/v2\/pages"}],"about":[{"href":"https:\/\/fibramur.com\/index.php?rest_route=\/wp\/v2\/types\/page"}],"author":[{"embeddable":true,"href":"https:\/\/fibramur.com\/index.php?rest_route=\/wp\/v2\/users\/1"}],"replies":[{"embeddable":true,"href":"https:\/\/fibramur.com\/index.php?rest_route=%2Fwp%2Fv2%2Fcomments&post=201"}],"version-history":[{"count":0,"href":"https:\/\/fibramur.com\/index.php?rest_route=\/wp\/v2\/pages\/201\/revisions"}],"wp:attachment":[{"href":"https:\/\/fibramur.com\/index.php?rest_route=%2Fwp%2Fv2%2Fmedia&parent=201"}],"curies":[{"name":"wp","href":"https:\/\/api.w.org\/{rel}","templated":true}]}}