{"id":216,"date":"2017-04-20T11:41:15","date_gmt":"2017-04-20T11:41:15","guid":{"rendered":"http:\/\/soporte.getic.es\/fibramur\/?page_id=216"},"modified":"2017-06-07T09:46:27","modified_gmt":"2017-06-07T09:46:27","slug":"mantenimientos-electricos","status":"publish","type":"page","link":"https:\/\/fibramur.com\/?page_id=216","title":{"rendered":"Mantenimientos el\u00e9ctricos"},"content":{"rendered":"<div id=\"pl-216\"  class=\"panel-layout\" ><div id=\"pg-216-0\"  class=\"panel-grid panel-has-style\" ><div class=\"siteorigin-panels-stretch panel-row-style panel-row-style-for-216-0\" style=\"padding: 0px 0; \" data-stretch-type=\"full-stretched\" data-overlay=\"true\" data-overlay-color=\"#000000\" ><div id=\"pgc-216-0-0\"  class=\"panel-grid-cell\" ><div id=\"panel-216-0-0-0\" class=\"so-panel widget widget_sow-image panel-first-child panel-last-child\" data-index=\"0\" ><div style=\"text-align: left;\" data-title-color=\"#443f3f\" data-headings-color=\"#443f3f\" class=\"panel-widget-style panel-widget-style-for-216-0-0-0\" ><div\n\t\t\t\n\t\t\tclass=\"so-widget-sow-image so-widget-sow-image-default-d6014b76747a-216\"\n\t\t\t\n\t\t>\n\n<div class=\"sow-image-container\">\n\t\t<img src=\"https:\/\/fibramur.com\/wp-content\/uploads\/2017\/04\/mant-electrico.jpg\" width=\"1900\" height=\"800\" srcset=\"https:\/\/fibramur.com\/wp-content\/uploads\/2017\/04\/mant-electrico.jpg 1900w, https:\/\/fibramur.com\/wp-content\/uploads\/2017\/04\/mant-electrico-300x126.jpg 300w, https:\/\/fibramur.com\/wp-content\/uploads\/2017\/04\/mant-electrico-768x323.jpg 768w, https:\/\/fibramur.com\/wp-content\/uploads\/2017\/04\/mant-electrico-1024x431.jpg 1024w, https:\/\/fibramur.com\/wp-content\/uploads\/2017\/04\/mant-electrico-480x202.jpg 480w, https:\/\/fibramur.com\/wp-content\/uploads\/2017\/04\/mant-electrico-830x349.jpg 830w, https:\/\/fibramur.com\/wp-content\/uploads\/2017\/04\/mant-electrico-230x97.jpg 230w, https:\/\/fibramur.com\/wp-content\/uploads\/2017\/04\/mant-electrico-350x147.jpg 350w\" sizes=\"(max-width: 1900px) 100vw, 1900px\" title=\"mant electrico\" alt=\"\" loading=\"lazy\" \t\tclass=\"so-widget-image\"\/>\n\t<\/div>\n\n<\/div><\/div><\/div><\/div><\/div><\/div><div id=\"pg-216-1\"  class=\"panel-grid panel-has-style\" ><div class=\"siteorigin-panels-stretch panel-row-style panel-row-style-for-216-1\" style=\"padding: 24px 0; \" data-stretch-type=\"full-stretched\" data-overlay=\"true\" data-overlay-color=\"#000000\" ><div id=\"pgc-216-1-0\"  class=\"panel-grid-cell\" ><div id=\"panel-216-1-0-0\" class=\"so-panel widget widget_sow-features panel-first-child panel-last-child\" data-index=\"1\" ><div style=\"text-align: left;\" data-title-color=\"#443f3f\" data-headings-color=\"#443f3f\" class=\"panel-widget-style panel-widget-style-for-216-1-0-0\" ><div\n\t\t\t\n\t\t\tclass=\"so-widget-sow-features so-widget-sow-features-default-42e57749ac20-216\"\n\t\t\t\n\t\t>\n<div class=\"sow-features-list sow-features-responsive\">\n\n\t\t\t\t\t\t<div\n\t\t\t\tclass=\"sow-features-feature sow-icon-container-position-top sow-features-feature-last-row\"\n\t\t\t\tstyle=\"display: flex; flex-direction: column; float: left; width: 25%;\"\n\t\t\t>\n\n\t\t\t\t\t\t\t\t<div\n\t\t\t\t\tclass=\"sow-icon-container sow-container-round\"\n                    style=\"color: #ffffff; \"\n\t\t\t\t\t>\n\t\t\t\t\t<span class=\"sow-icon-elegantline\" data-sow-icon=\"&#xe005;\"\n\t\tstyle=\"font-size: 124px; color: #f55ba8\" \n\t\taria-hidden=\"true\"><\/span>\t\t\t\t<\/div>\n\t\t\t\t\n\t\t\t\t<div class=\"textwidget\">\n\t\t\t\t\t\t\t\t\t\t\t<h5>\n\t\t\t\t\t\t\t\n\t\t\t\t\t\t\tMantenimiento preventivo y correctivo\t\t\t\t\t\t\t\t\t\t\t\t\t<\/h5>\n\t\t\t\t\t\n\t\t\t\t\t\t\t\t\t\t\tContratos de mantenimiento normativo y no normativo de instalaciones de baja tensi\u00f3n\t\t\t\t\t\n\t\t\t\t\t\t\t\t\t<\/div>\n\t\t\t\t\t\t\t<\/div>\n\n\t\t\t\t\t<div\n\t\t\t\tclass=\"sow-features-feature sow-icon-container-position-top sow-features-feature-last-row\"\n\t\t\t\tstyle=\"display: flex; flex-direction: column; float: left; width: 25%;\"\n\t\t\t>\n\n\t\t\t\t\t\t\t\t<div\n\t\t\t\t\tclass=\"sow-icon-container sow-container-round\"\n                    style=\"color: #ffffff; \"\n\t\t\t\t\t>\n\t\t\t\t\t<span class=\"sow-icon-elegantline\" data-sow-icon=\"&#xe022;\"\n\t\tstyle=\"font-size: 124px; color: #f55ba8\" \n\t\taria-hidden=\"true\"><\/span>\t\t\t\t<\/div>\n\t\t\t\t\n\t\t\t\t<div class=\"textwidget\">\n\t\t\t\t\t\t\t\t\t\t\t<h5>\n\t\t\t\t\t\t\t\n\t\t\t\t\t\t\tMantenimiento integral\t\t\t\t\t\t\t\t\t\t\t\t\t<\/h5>\n\t\t\t\t\t\n\t\t\t\t\t\t\t\t\t\t\tContratos de mantenimiento integral de sus instalaciones el\u00e9ctricas\t\t\t\t\t\n\t\t\t\t\t\t\t\t\t<\/div>\n\t\t\t\t\t\t\t<\/div>\n\n\t\t\t\t\t<div\n\t\t\t\tclass=\"sow-features-feature sow-icon-container-position-top sow-features-feature-last-row\"\n\t\t\t\tstyle=\"display: flex; flex-direction: column; float: left; width: 25%;\"\n\t\t\t>\n\n\t\t\t\t\t\t\t\t<div\n\t\t\t\t\tclass=\"sow-icon-container sow-container-round\"\n                    style=\"color: #ffffff; \"\n\t\t\t\t\t>\n\t\t\t\t\t<span class=\"sow-icon-elegantline\" data-sow-icon=\"&#xe03d;\"\n\t\tstyle=\"font-size: 124px; color: #f55ba8\" \n\t\taria-hidden=\"true\"><\/span>\t\t\t\t<\/div>\n\t\t\t\t\n\t\t\t\t<div class=\"textwidget\">\n\t\t\t\t\t\t\t\t\t\t\t<h5>\n\t\t\t\t\t\t\t\n\t\t\t\t\t\t\tSAIS\t\t\t\t\t\t\t\t\t\t\t\t\t<\/h5>\n\t\t\t\t\t\n\t\t\t\t\t\t\t\t\t\t\tMantenimiento integral de sus sistemas de alimentaci\u00f3n ininterrumpida \t\t\t\t\t\n\t\t\t\t\t\t\t\t\t<\/div>\n\t\t\t\t\t\t\t<\/div>\n\n\t\t\t\t\t<div\n\t\t\t\tclass=\"sow-features-feature sow-icon-container-position-top sow-features-feature-last-row\"\n\t\t\t\tstyle=\"display: flex; flex-direction: column; float: left; width: 25%;\"\n\t\t\t>\n\n\t\t\t\t\t\t\t\t<div\n\t\t\t\t\tclass=\"sow-icon-container sow-container-round\"\n                    style=\"color: #ffffff; \"\n\t\t\t\t\t>\n\t\t\t\t\t<span class=\"sow-icon-elegantline\" data-sow-icon=\"&#xe01e;\"\n\t\tstyle=\"font-size: 124px; color: #f55ba8\" \n\t\taria-hidden=\"true\"><\/span>\t\t\t\t<\/div>\n\t\t\t\t\n\t\t\t\t<div class=\"textwidget\">\n\t\t\t\t\t\t\t\t\t\t\t<h5>\n\t\t\t\t\t\t\t\n\t\t\t\t\t\t\tGrupos electr\u00f3genos\t\t\t\t\t\t\t\t\t\t\t\t\t<\/h5>\n\t\t\t\t\t\n\t\t\t\t\t\t\t\t\t\t\t<p>Mantenimiento integral de sus sistemas G.E.<\/p>\t\t\t\t\t\n\t\t\t\t\t\t\t\t\t<\/div>\n\t\t\t\t\t\t\t<\/div>\n\n\t\t\t\n<\/div>\n<\/div><\/div><\/div><\/div><\/div><\/div><\/div>","protected":false},"excerpt":{"rendered":"<p>Mantenimiento preventivo y correctivo Contratos de mantenimiento normativo y no normativo de instalaciones de baja tensi\u00f3n Mantenimiento integral Contratos de mantenimiento integral de sus instalaciones el\u00e9ctricas SAIS Mantenimiento integral de sus sistemas de alimentaci\u00f3n ininterrumpida Grupos electr\u00f3genos Mantenimiento integral de sus sistemas G.E.<\/p>\n","protected":false},"author":1,"featured_media":0,"parent":0,"menu_order":0,"comment_status":"closed","ping_status":"closed","template":"page-templates\/page_front-page.php","meta":[],"yoast_head":"<!-- This site is optimized with the Yoast SEO plugin v19.6 - https:\/\/yoast.com\/wordpress\/plugins\/seo\/ -->\n<title>Mantenimientos el\u00e9ctricos -<\/title>\n<meta name=\"robots\" content=\"index, follow, max-snippet:-1, max-image-preview:large, max-video-preview:-1\" \/>\n<link rel=\"canonical\" href=\"https:\/\/fibramur.com\/?page_id=216\" \/>\n<meta property=\"og:locale\" content=\"es_ES\" \/>\n<meta property=\"og:type\" content=\"article\" \/>\n<meta property=\"og:title\" content=\"Mantenimientos el\u00e9ctricos -\" \/>\n<meta property=\"og:description\" content=\"Mantenimiento preventivo y correctivo Contratos de mantenimiento normativo y no normativo de instalaciones de baja tensi\u00f3n Mantenimiento integral Contratos de mantenimiento integral de sus instalaciones el\u00e9ctricas SAIS Mantenimiento integral de sus sistemas de alimentaci\u00f3n ininterrumpida Grupos electr\u00f3genos Mantenimiento integral de sus sistemas G.E.\" \/>\n<meta property=\"og:url\" content=\"https:\/\/fibramur.com\/?page_id=216\" \/>\n<meta property=\"article:modified_time\" content=\"2017-06-07T09:46:27+00:00\" \/>\n<meta property=\"og:image\" content=\"http:\/\/soporte.getic.es\/fibramur\/wp-content\/uploads\/2017\/04\/mant-electrico.jpg\" \/>\n<meta name=\"twitter:card\" content=\"summary_large_image\" \/>\n<script type=\"application\/ld+json\" class=\"yoast-schema-graph\">{\"@context\":\"https:\/\/schema.org\",\"@graph\":[{\"@type\":\"WebPage\",\"@id\":\"https:\/\/fibramur.com\/?page_id=216\",\"url\":\"https:\/\/fibramur.com\/?page_id=216\",\"name\":\"Mantenimientos el\u00e9ctricos -\",\"isPartOf\":{\"@id\":\"https:\/\/fibramur.com\/#website\"},\"datePublished\":\"2017-04-20T11:41:15+00:00\",\"dateModified\":\"2017-06-07T09:46:27+00:00\",\"breadcrumb\":{\"@id\":\"https:\/\/fibramur.com\/?page_id=216#breadcrumb\"},\"inLanguage\":\"es\",\"potentialAction\":[{\"@type\":\"ReadAction\",\"target\":[\"https:\/\/fibramur.com\/?page_id=216\"]}]},{\"@type\":\"BreadcrumbList\",\"@id\":\"https:\/\/fibramur.com\/?page_id=216#breadcrumb\",\"itemListElement\":[{\"@type\":\"ListItem\",\"position\":1,\"name\":\"Portada\",\"item\":\"https:\/\/fibramur.com\/\"},{\"@type\":\"ListItem\",\"position\":2,\"name\":\"Mantenimientos el\u00e9ctricos\"}]},{\"@type\":\"WebSite\",\"@id\":\"https:\/\/fibramur.com\/#website\",\"url\":\"https:\/\/fibramur.com\/\",\"name\":\"\",\"description\":\"\",\"potentialAction\":[{\"@type\":\"SearchAction\",\"target\":{\"@type\":\"EntryPoint\",\"urlTemplate\":\"https:\/\/fibramur.com\/?s={search_term_string}\"},\"query-input\":\"required name=search_term_string\"}],\"inLanguage\":\"es\"}]}<\/script>\n<!-- \/ Yoast SEO plugin. -->","yoast_head_json":{"title":"Mantenimientos el\u00e9ctricos -","robots":{"index":"index","follow":"follow","max-snippet":"max-snippet:-1","max-image-preview":"max-image-preview:large","max-video-preview":"max-video-preview:-1"},"canonical":"https:\/\/fibramur.com\/?page_id=216","og_locale":"es_ES","og_type":"article","og_title":"Mantenimientos el\u00e9ctricos -","og_description":"Mantenimiento preventivo y correctivo Contratos de mantenimiento normativo y no normativo de instalaciones de baja tensi\u00f3n Mantenimiento integral Contratos de mantenimiento integral de sus instalaciones el\u00e9ctricas SAIS Mantenimiento integral de sus sistemas de alimentaci\u00f3n ininterrumpida Grupos electr\u00f3genos Mantenimiento integral de sus sistemas G.E.","og_url":"https:\/\/fibramur.com\/?page_id=216","article_modified_time":"2017-06-07T09:46:27+00:00","og_image":[{"url":"http:\/\/soporte.getic.es\/fibramur\/wp-content\/uploads\/2017\/04\/mant-electrico.jpg"}],"twitter_card":"summary_large_image","schema":{"@context":"https:\/\/schema.org","@graph":[{"@type":"WebPage","@id":"https:\/\/fibramur.com\/?page_id=216","url":"https:\/\/fibramur.com\/?page_id=216","name":"Mantenimientos el\u00e9ctricos -","isPartOf":{"@id":"https:\/\/fibramur.com\/#website"},"datePublished":"2017-04-20T11:41:15+00:00","dateModified":"2017-06-07T09:46:27+00:00","breadcrumb":{"@id":"https:\/\/fibramur.com\/?page_id=216#breadcrumb"},"inLanguage":"es","potentialAction":[{"@type":"ReadAction","target":["https:\/\/fibramur.com\/?page_id=216"]}]},{"@type":"BreadcrumbList","@id":"https:\/\/fibramur.com\/?page_id=216#breadcrumb","itemListElement":[{"@type":"ListItem","position":1,"name":"Portada","item":"https:\/\/fibramur.com\/"},{"@type":"ListItem","position":2,"name":"Mantenimientos el\u00e9ctricos"}]},{"@type":"WebSite","@id":"https:\/\/fibramur.com\/#website","url":"https:\/\/fibramur.com\/","name":"","description":"","potentialAction":[{"@type":"SearchAction","target":{"@type":"EntryPoint","urlTemplate":"https:\/\/fibramur.com\/?s={search_term_string}"},"query-input":"required name=search_term_string"}],"inLanguage":"es"}]}},"_links":{"self":[{"href":"https:\/\/fibramur.com\/index.php?rest_route=\/wp\/v2\/pages\/216"}],"collection":[{"href":"https:\/\/fibramur.com\/index.php?rest_route=\/wp\/v2\/pages"}],"about":[{"href":"https:\/\/fibramur.com\/index.php?rest_route=\/wp\/v2\/types\/page"}],"author":[{"embeddable":true,"href":"https:\/\/fibramur.com\/index.php?rest_route=\/wp\/v2\/users\/1"}],"replies":[{"embeddable":true,"href":"https:\/\/fibramur.com\/index.php?rest_route=%2Fwp%2Fv2%2Fcomments&post=216"}],"version-history":[{"count":0,"href":"https:\/\/fibramur.com\/index.php?rest_route=\/wp\/v2\/pages\/216\/revisions"}],"wp:attachment":[{"href":"https:\/\/fibramur.com\/index.php?rest_route=%2Fwp%2Fv2%2Fmedia&parent=216"}],"curies":[{"name":"wp","href":"https:\/\/api.w.org\/{rel}","templated":true}]}}