{"id":250,"date":"2017-04-20T14:55:45","date_gmt":"2017-04-20T14:55:45","guid":{"rendered":"http:\/\/soporte.getic.es\/fibramur\/?page_id=250"},"modified":"2017-06-07T10:12:50","modified_gmt":"2017-06-07T10:12:50","slug":"averias-y-reparaciones","status":"publish","type":"page","link":"https:\/\/fibramur.com\/?page_id=250","title":{"rendered":"Aver\u00edas y reparaciones"},"content":{"rendered":"<div id=\"pl-250\"  class=\"panel-layout\" ><div id=\"pg-250-0\"  class=\"panel-grid panel-has-style\" ><div class=\"siteorigin-panels-stretch panel-row-style panel-row-style-for-250-0\" style=\"padding: 0px 0; \" data-stretch-type=\"full-stretched\" data-overlay=\"true\" data-overlay-color=\"#000000\" ><div id=\"pgc-250-0-0\"  class=\"panel-grid-cell\" ><div id=\"panel-250-0-0-0\" class=\"so-panel widget widget_sow-image panel-first-child panel-last-child\" data-index=\"0\" ><div style=\"text-align: left;\" data-title-color=\"#443f3f\" data-headings-color=\"#443f3f\" class=\"panel-widget-style panel-widget-style-for-250-0-0-0\" ><div\n\t\t\t\n\t\t\tclass=\"so-widget-sow-image so-widget-sow-image-default-d6014b76747a-250\"\n\t\t\t\n\t\t>\n\n<div class=\"sow-image-container\">\n\t\t<img src=\"https:\/\/fibramur.com\/wp-content\/uploads\/2017\/04\/mantenimiento-el\u00e9ctrico.jpg\" width=\"1900\" height=\"800\" srcset=\"https:\/\/fibramur.com\/wp-content\/uploads\/2017\/04\/mantenimiento-el\u00e9ctrico.jpg 1900w, https:\/\/fibramur.com\/wp-content\/uploads\/2017\/04\/mantenimiento-el\u00e9ctrico-300x126.jpg 300w, https:\/\/fibramur.com\/wp-content\/uploads\/2017\/04\/mantenimiento-el\u00e9ctrico-768x323.jpg 768w, https:\/\/fibramur.com\/wp-content\/uploads\/2017\/04\/mantenimiento-el\u00e9ctrico-1024x431.jpg 1024w, https:\/\/fibramur.com\/wp-content\/uploads\/2017\/04\/mantenimiento-el\u00e9ctrico-480x202.jpg 480w, https:\/\/fibramur.com\/wp-content\/uploads\/2017\/04\/mantenimiento-el\u00e9ctrico-830x349.jpg 830w, https:\/\/fibramur.com\/wp-content\/uploads\/2017\/04\/mantenimiento-el\u00e9ctrico-230x97.jpg 230w, https:\/\/fibramur.com\/wp-content\/uploads\/2017\/04\/mantenimiento-el\u00e9ctrico-350x147.jpg 350w\" sizes=\"(max-width: 1900px) 100vw, 1900px\" title=\"mantenimiento el\u00e9ctrico\" alt=\"\" loading=\"lazy\" \t\tclass=\"so-widget-image\"\/>\n\t<\/div>\n\n<\/div><\/div><\/div><\/div><\/div><\/div><div id=\"pg-250-1\"  class=\"panel-grid panel-has-style\" ><div class=\"siteorigin-panels-stretch panel-row-style panel-row-style-for-250-1\" style=\"padding: 0px 0; \" data-stretch-type=\"full-stretched\" data-overlay=\"true\" data-overlay-color=\"#000000\" ><div id=\"pgc-250-1-0\"  class=\"panel-grid-cell\" ><div id=\"panel-250-1-0-0\" class=\"so-panel widget widget_sow-features panel-first-child panel-last-child\" data-index=\"1\" ><div style=\"text-align: left;\" data-title-color=\"#443f3f\" data-headings-color=\"#443f3f\" class=\"panel-widget-style panel-widget-style-for-250-1-0-0\" ><div\n\t\t\t\n\t\t\tclass=\"so-widget-sow-features so-widget-sow-features-default-14b4fd3d80da-250\"\n\t\t\t\n\t\t>\n<div class=\"sow-features-list sow-features-responsive\">\n\n\t\t\t\t\t\t<div\n\t\t\t\tclass=\"sow-features-feature sow-icon-container-position-top sow-features-feature-last-row\"\n\t\t\t\tstyle=\"display: flex; flex-direction: column; float: left; width: 33.333%;\"\n\t\t\t>\n\n\t\t\t\t\t\t\t\t<div\n\t\t\t\t\tclass=\"sow-icon-container sow-container-round\"\n                    style=\"color: #ffffff; \"\n\t\t\t\t\t>\n\t\t\t\t\t<span class=\"sow-icon-elegantline\" data-sow-icon=\"&#xe00d;\"\n\t\tstyle=\"font-size: 124px; color: #f55ba8\" \n\t\taria-hidden=\"true\"><\/span>\t\t\t\t<\/div>\n\t\t\t\t\n\t\t\t\t<div class=\"textwidget\">\n\t\t\t\t\t\t\t\t\t\t\t<h5>\n\t\t\t\t\t\t\t\n\t\t\t\t\t\t\tMantenimiento\t\t\t\t\t\t\t\t\t\t\t\t\t<\/h5>\n\t\t\t\t\t\n\t\t\t\t\t\t\t\t\t\t\t<p>Disponemos de un servicio de mantenimiento 24 horas\/365 d\u00edas previamente contratado con nosotros para responder a cualquier tipo de aver\u00edas, definiendo en el contrato tiempos de respuesta ante los distintos casos de aver\u00eda: cr\u00edtica, urgente y normal.<\/p>\t\t\t\t\t\n\t\t\t\t\t\t\t\t\t<\/div>\n\t\t\t\t\t\t\t<\/div>\n\n\t\t\t\t\t<div\n\t\t\t\tclass=\"sow-features-feature sow-icon-container-position-top sow-features-feature-last-row\"\n\t\t\t\tstyle=\"display: flex; flex-direction: column; float: left; width: 33.333%;\"\n\t\t\t>\n\n\t\t\t\t\t\t\t\t<div\n\t\t\t\t\tclass=\"sow-icon-container sow-container-round\"\n                    style=\"color: #ffffff; \"\n\t\t\t\t\t>\n\t\t\t\t\t<span class=\"sow-icon-elegantline\" data-sow-icon=\"&#xe02b;\"\n\t\tstyle=\"font-size: 124px; color: #f55ba8\" \n\t\taria-hidden=\"true\"><\/span>\t\t\t\t<\/div>\n\t\t\t\t\n\t\t\t\t<div class=\"textwidget\">\n\t\t\t\t\t\t\t\t\t\t\t<h5>\n\t\t\t\t\t\t\t\n\t\t\t\t\t\t\tReparaciones\t\t\t\t\t\t\t\t\t\t\t\t\t<\/h5>\n\t\t\t\t\t\n\t\t\t\t\t\t\t\t\t\t\t<p>Se realizan reparaciones de Baja Tensi\u00f3n, SAIS, Grupos Electr\u00f3genos, Telecomunicaciones y Climatizaci\u00f3n.<\/p>\t\t\t\t\t\n\t\t\t\t\t\t\t\t\t<\/div>\n\t\t\t\t\t\t\t<\/div>\n\n\t\t\t\n<\/div>\n<\/div><\/div><\/div><\/div><\/div><\/div><\/div>","protected":false},"excerpt":{"rendered":"<p>Mantenimiento Disponemos de un servicio de mantenimiento 24 horas\/365 d\u00edas previamente contratado con nosotros para responder a cualquier tipo de aver\u00edas, definiendo en el contrato tiempos de respuesta ante los distintos casos de aver\u00eda: cr\u00edtica, urgente y normal. Reparaciones Se realizan reparaciones de Baja Tensi\u00f3n, SAIS, Grupos Electr\u00f3genos, Telecomunicaciones y Climatizaci\u00f3n.<\/p>\n","protected":false},"author":1,"featured_media":0,"parent":0,"menu_order":0,"comment_status":"closed","ping_status":"closed","template":"","meta":[],"yoast_head":"<!-- This site is optimized with the Yoast SEO plugin v19.6 - https:\/\/yoast.com\/wordpress\/plugins\/seo\/ -->\n<title>Aver\u00edas y reparaciones -<\/title>\n<meta name=\"robots\" content=\"index, follow, max-snippet:-1, max-image-preview:large, max-video-preview:-1\" \/>\n<link rel=\"canonical\" href=\"https:\/\/fibramur.com\/?page_id=250\" \/>\n<meta property=\"og:locale\" content=\"es_ES\" \/>\n<meta property=\"og:type\" content=\"article\" \/>\n<meta property=\"og:title\" content=\"Aver\u00edas y reparaciones -\" \/>\n<meta property=\"og:description\" content=\"Mantenimiento Disponemos de un servicio de mantenimiento 24 horas\/365 d\u00edas previamente contratado con nosotros para responder a cualquier tipo de aver\u00edas, definiendo en el contrato tiempos de respuesta ante los distintos casos de aver\u00eda: cr\u00edtica, urgente y normal. Reparaciones Se realizan reparaciones de Baja Tensi\u00f3n, SAIS, Grupos Electr\u00f3genos, Telecomunicaciones y Climatizaci\u00f3n.\" \/>\n<meta property=\"og:url\" content=\"https:\/\/fibramur.com\/?page_id=250\" \/>\n<meta property=\"article:modified_time\" content=\"2017-06-07T10:12:50+00:00\" \/>\n<meta name=\"twitter:card\" content=\"summary_large_image\" \/>\n<script type=\"application\/ld+json\" class=\"yoast-schema-graph\">{\"@context\":\"https:\/\/schema.org\",\"@graph\":[{\"@type\":\"WebPage\",\"@id\":\"https:\/\/fibramur.com\/?page_id=250\",\"url\":\"https:\/\/fibramur.com\/?page_id=250\",\"name\":\"Aver\u00edas y reparaciones -\",\"isPartOf\":{\"@id\":\"https:\/\/fibramur.com\/#website\"},\"datePublished\":\"2017-04-20T14:55:45+00:00\",\"dateModified\":\"2017-06-07T10:12:50+00:00\",\"breadcrumb\":{\"@id\":\"https:\/\/fibramur.com\/?page_id=250#breadcrumb\"},\"inLanguage\":\"es\",\"potentialAction\":[{\"@type\":\"ReadAction\",\"target\":[\"https:\/\/fibramur.com\/?page_id=250\"]}]},{\"@type\":\"BreadcrumbList\",\"@id\":\"https:\/\/fibramur.com\/?page_id=250#breadcrumb\",\"itemListElement\":[{\"@type\":\"ListItem\",\"position\":1,\"name\":\"Portada\",\"item\":\"https:\/\/fibramur.com\/\"},{\"@type\":\"ListItem\",\"position\":2,\"name\":\"Aver\u00edas y reparaciones\"}]},{\"@type\":\"WebSite\",\"@id\":\"https:\/\/fibramur.com\/#website\",\"url\":\"https:\/\/fibramur.com\/\",\"name\":\"\",\"description\":\"\",\"potentialAction\":[{\"@type\":\"SearchAction\",\"target\":{\"@type\":\"EntryPoint\",\"urlTemplate\":\"https:\/\/fibramur.com\/?s={search_term_string}\"},\"query-input\":\"required name=search_term_string\"}],\"inLanguage\":\"es\"}]}<\/script>\n<!-- \/ Yoast SEO plugin. -->","yoast_head_json":{"title":"Aver\u00edas y reparaciones -","robots":{"index":"index","follow":"follow","max-snippet":"max-snippet:-1","max-image-preview":"max-image-preview:large","max-video-preview":"max-video-preview:-1"},"canonical":"https:\/\/fibramur.com\/?page_id=250","og_locale":"es_ES","og_type":"article","og_title":"Aver\u00edas y reparaciones -","og_description":"Mantenimiento Disponemos de un servicio de mantenimiento 24 horas\/365 d\u00edas previamente contratado con nosotros para responder a cualquier tipo de aver\u00edas, definiendo en el contrato tiempos de respuesta ante los distintos casos de aver\u00eda: cr\u00edtica, urgente y normal. Reparaciones Se realizan reparaciones de Baja Tensi\u00f3n, SAIS, Grupos Electr\u00f3genos, Telecomunicaciones y Climatizaci\u00f3n.","og_url":"https:\/\/fibramur.com\/?page_id=250","article_modified_time":"2017-06-07T10:12:50+00:00","twitter_card":"summary_large_image","schema":{"@context":"https:\/\/schema.org","@graph":[{"@type":"WebPage","@id":"https:\/\/fibramur.com\/?page_id=250","url":"https:\/\/fibramur.com\/?page_id=250","name":"Aver\u00edas y reparaciones -","isPartOf":{"@id":"https:\/\/fibramur.com\/#website"},"datePublished":"2017-04-20T14:55:45+00:00","dateModified":"2017-06-07T10:12:50+00:00","breadcrumb":{"@id":"https:\/\/fibramur.com\/?page_id=250#breadcrumb"},"inLanguage":"es","potentialAction":[{"@type":"ReadAction","target":["https:\/\/fibramur.com\/?page_id=250"]}]},{"@type":"BreadcrumbList","@id":"https:\/\/fibramur.com\/?page_id=250#breadcrumb","itemListElement":[{"@type":"ListItem","position":1,"name":"Portada","item":"https:\/\/fibramur.com\/"},{"@type":"ListItem","position":2,"name":"Aver\u00edas y reparaciones"}]},{"@type":"WebSite","@id":"https:\/\/fibramur.com\/#website","url":"https:\/\/fibramur.com\/","name":"","description":"","potentialAction":[{"@type":"SearchAction","target":{"@type":"EntryPoint","urlTemplate":"https:\/\/fibramur.com\/?s={search_term_string}"},"query-input":"required name=search_term_string"}],"inLanguage":"es"}]}},"_links":{"self":[{"href":"https:\/\/fibramur.com\/index.php?rest_route=\/wp\/v2\/pages\/250"}],"collection":[{"href":"https:\/\/fibramur.com\/index.php?rest_route=\/wp\/v2\/pages"}],"about":[{"href":"https:\/\/fibramur.com\/index.php?rest_route=\/wp\/v2\/types\/page"}],"author":[{"embeddable":true,"href":"https:\/\/fibramur.com\/index.php?rest_route=\/wp\/v2\/users\/1"}],"replies":[{"embeddable":true,"href":"https:\/\/fibramur.com\/index.php?rest_route=%2Fwp%2Fv2%2Fcomments&post=250"}],"version-history":[{"count":0,"href":"https:\/\/fibramur.com\/index.php?rest_route=\/wp\/v2\/pages\/250\/revisions"}],"wp:attachment":[{"href":"https:\/\/fibramur.com\/index.php?rest_route=%2Fwp%2Fv2%2Fmedia&parent=250"}],"curies":[{"name":"wp","href":"https:\/\/api.w.org\/{rel}","templated":true}]}}